{"id":128,"date":"2016-02-13T12:06:57","date_gmt":"2016-02-13T11:06:57","guid":{"rendered":"http:\/\/ecrire44.fr\/?page_id=128"},"modified":"2024-07-22T16:52:10","modified_gmt":"2024-07-22T15:52:10","slug":"contact","status":"publish","type":"page","link":"https:\/\/ecrire44.fr\/index.php\/contact\/","title":{"rendered":"Contact"},"content":{"rendered":"<p><strong>Les ateliers se d\u00e9roulent :<\/strong><br \/>\nAtelier C\u00f4t\u00e9 3bis,<br \/>\n3 bis rue Bruneau, 44400 Rez\u00e9, Quartier Trentemoult<br \/>\n06 04 19 84 55<\/p>\n<p><strong><em>Pour contacter l&rsquo;association :<\/em><\/strong><br \/>\n<em>Association ACCES, accompagnement \u00e0 l&rsquo;\u00e9criture de soi<\/em><br \/>\n<em>20 rue Raymond Soulas, 444OO Rez\u00e9<\/em><\/p>\n<p>rezeacces@gmail.com<\/p>\n","protected":false},"excerpt":{"rendered":"<p>Les ateliers se d\u00e9roulent : Atelier C\u00f4t\u00e9 3bis, 3 bis rue Bruneau, 44400 Rez\u00e9, Quartier Trentemoult 06 04 19 84 55 Pour contacter l&rsquo;association : Association ACCES, accompagnement \u00e0 l&rsquo;\u00e9criture de soi 20 rue Raymond Soulas, 444OO Rez\u00e9 rezeacces@gmail.com<\/p>\n","protected":false},"author":1,"featured_media":0,"parent":0,"menu_order":0,"comment_status":"closed","ping_status":"closed","template":"","meta":{"_uag_custom_page_level_css":"","footnotes":""},"class_list":["post-128","page","type-page","status-publish","hentry"],"uagb_featured_image_src":{"full":false,"thumbnail":false,"medium":false,"medium_large":false,"large":false,"1536x1536":false,"2048x2048":false,"post-thumbnail":false},"uagb_author_info":{"display_name":"S.B.","author_link":"https:\/\/ecrire44.fr\/index.php\/author\/admin4101\/"},"uagb_comment_info":0,"uagb_excerpt":"Les ateliers se d\u00e9roulent : Atelier C\u00f4t\u00e9 3bis, 3 bis rue Bruneau, 44400 Rez\u00e9, Quartier Trentemoult 06 04 19 84 55 Pour contacter l&rsquo;association : Association ACCES, accompagnement \u00e0 l&rsquo;\u00e9criture de soi 20 rue Raymond Soulas, 444OO Rez\u00e9 rezeacces@gmail.com","_links":{"self":[{"href":"https:\/\/ecrire44.fr\/index.php\/wp-json\/wp\/v2\/pages\/128","targetHints":{"allow":["GET"]}}],"collection":[{"href":"https:\/\/ecrire44.fr\/index.php\/wp-json\/wp\/v2\/pages"}],"about":[{"href":"https:\/\/ecrire44.fr\/index.php\/wp-json\/wp\/v2\/types\/page"}],"author":[{"embeddable":true,"href":"https:\/\/ecrire44.fr\/index.php\/wp-json\/wp\/v2\/users\/1"}],"replies":[{"embeddable":true,"href":"https:\/\/ecrire44.fr\/index.php\/wp-json\/wp\/v2\/comments?post=128"}],"version-history":[{"count":10,"href":"https:\/\/ecrire44.fr\/index.php\/wp-json\/wp\/v2\/pages\/128\/revisions"}],"predecessor-version":[{"id":2039,"href":"https:\/\/ecrire44.fr\/index.php\/wp-json\/wp\/v2\/pages\/128\/revisions\/2039"}],"wp:attachment":[{"href":"https:\/\/ecrire44.fr\/index.php\/wp-json\/wp\/v2\/media?parent=128"}],"curies":[{"name":"wp","href":"https:\/\/api.w.org\/{rel}","templated":true}]}}