{"id":1829,"date":"2024-05-16T14:09:32","date_gmt":"2024-05-16T13:09:32","guid":{"rendered":"https:\/\/ecrire44.fr\/?page_id=1829"},"modified":"2026-02-09T16:53:50","modified_gmt":"2026-02-09T15:53:50","slug":"ecrire-en-atelier","status":"publish","type":"page","link":"https:\/\/ecrire44.fr\/","title":{"rendered":"\u00c9CRIRE 44, ateliers d&rsquo;\u00e9criture"},"content":{"rendered":"\n<figure class=\"wp-block-image size-large\"><img loading=\"lazy\" decoding=\"async\" width=\"1024\" height=\"605\" src=\"https:\/\/ecrire44.fr\/wp-content\/uploads\/2018\/12\/WP-arbre-Accueil-1024x605.jpg\" alt=\"\" class=\"wp-image-754\"\/><\/figure>\n\n\n\n<hr class=\"wp-block-separator has-alpha-channel-opacity\"\/>\n\n\n\n<p class=\"has-text-align-center has-text-color has-link-color has-large-font-size wp-elements-e462dd23138a03a7e16fa61a003ec901\" style=\"color:#56a9db\">Bienvenue !<br>Un atelier est un lieu o\u00f9 l&rsquo;on bricole, o\u00f9 l&rsquo;on exp\u00e9rimente, o\u00f9 l&rsquo;on essaye.<\/p>\n\n\n\n<p class=\"has-text-align-left has-dark-gray-color has-text-color has-link-color wp-elements-c22c5eab747d4525a42cc3a06bf8fd03\">L&rsquo;atelier d&rsquo;\u00e9criture est un espace privil\u00e9gi\u00e9, un espace o\u00f9 l&rsquo;\u00e9criture s&rsquo;envisage comme un geste d&rsquo;artisan qui observe, cherche, creuse.&nbsp; <\/p>\n\n\n\n<p class=\"has-text-align-left has-dark-gray-color has-text-color has-link-color wp-elements-c9014d8937360e2b86cabf048c16fbb7\">Chacun a un imaginaire \u00e0 explorer, un sens po\u00e9tique \u00e0 d\u00e9couvrir.<br>Pas d&rsquo;enjeu, pas d&rsquo;\u00e9chec, pas de notes, pas de jugement&#8230;<br>Tous chercheurs, tous capables, tous cr\u00e9ateurs ! <\/p>\n\n\n\n<p class=\"has-dark-gray-color has-text-color has-link-color wp-elements-0cafadc71347b6a925056df159345258\">Les mat\u00e9riaux sont en chacun de nous, partout autour de nous : m\u00e9moire, sensations, petits d\u00e9tails et fragments de r\u00e9el, tout est source d&rsquo;inspiration.<\/p>\n\n\n\n<p class=\"has-text-align-left has-dark-gray-color has-text-color has-link-color wp-elements-16ba2c61cf98d97b26796a42513decea\"><strong><br>Je vous accompagne dans cette aventure en tenant compte de vos attentes,  de vos retours dans un cadre bienveillant.<\/strong><\/p>\n\n\n\n<p><a href=\"https:\/\/ecrire44.fr\/index.php\/le-programme\/\" target=\"_blank\" rel=\"noreferrer noopener\">Plus d&rsquo;explications<\/a><\/p>\n\n\n\n<p><\/p>\n","protected":false},"excerpt":{"rendered":"<p>Bienvenue !Un atelier est un lieu o\u00f9 l&rsquo;on bricole, o\u00f9 l&rsquo;on exp\u00e9rimente, o\u00f9 l&rsquo;on essaye. L&rsquo;atelier d&rsquo;\u00e9criture est un espace privil\u00e9gi\u00e9, un espace o\u00f9 l&rsquo;\u00e9criture s&rsquo;envisage comme un geste d&rsquo;artisan qui observe, cherche, creuse.&nbsp; Chacun a un imaginaire \u00e0 explorer, un sens po\u00e9tique \u00e0 d\u00e9couvrir.Pas d&rsquo;enjeu, pas d&rsquo;\u00e9chec, pas de notes, pas de jugement&#8230;Tous chercheurs, &hellip; <a href=\"https:\/\/ecrire44.fr\/\" class=\"more-link\">Continuer la lecture de <span class=\"screen-reader-text\">\u00c9CRIRE 44, ateliers d&rsquo;\u00e9criture<\/span><\/a><\/p>\n","protected":false},"author":1,"featured_media":0,"parent":0,"menu_order":0,"comment_status":"closed","ping_status":"closed","template":"","meta":{"_uag_custom_page_level_css":"","footnotes":""},"class_list":["post-1829","page","type-page","status-publish","hentry"],"uagb_featured_image_src":{"full":false,"thumbnail":false,"medium":false,"medium_large":false,"large":false,"1536x1536":false,"2048x2048":false,"post-thumbnail":false},"uagb_author_info":{"display_name":"S.B.","author_link":"https:\/\/ecrire44.fr\/index.php\/author\/admin4101\/"},"uagb_comment_info":0,"uagb_excerpt":"Bienvenue !Un atelier est un lieu o\u00f9 l&rsquo;on bricole, o\u00f9 l&rsquo;on exp\u00e9rimente, o\u00f9 l&rsquo;on essaye. L&rsquo;atelier d&rsquo;\u00e9criture est un espace privil\u00e9gi\u00e9, un espace o\u00f9 l&rsquo;\u00e9criture s&rsquo;envisage comme un geste d&rsquo;artisan qui observe, cherche, creuse.&nbsp; Chacun a un imaginaire \u00e0 explorer, un sens po\u00e9tique \u00e0 d\u00e9couvrir.Pas d&rsquo;enjeu, pas d&rsquo;\u00e9chec, pas de notes, pas de jugement&#8230;Tous chercheurs,\u2026","_links":{"self":[{"href":"https:\/\/ecrire44.fr\/index.php\/wp-json\/wp\/v2\/pages\/1829","targetHints":{"allow":["GET"]}}],"collection":[{"href":"https:\/\/ecrire44.fr\/index.php\/wp-json\/wp\/v2\/pages"}],"about":[{"href":"https:\/\/ecrire44.fr\/index.php\/wp-json\/wp\/v2\/types\/page"}],"author":[{"embeddable":true,"href":"https:\/\/ecrire44.fr\/index.php\/wp-json\/wp\/v2\/users\/1"}],"replies":[{"embeddable":true,"href":"https:\/\/ecrire44.fr\/index.php\/wp-json\/wp\/v2\/comments?post=1829"}],"version-history":[{"count":82,"href":"https:\/\/ecrire44.fr\/index.php\/wp-json\/wp\/v2\/pages\/1829\/revisions"}],"predecessor-version":[{"id":2266,"href":"https:\/\/ecrire44.fr\/index.php\/wp-json\/wp\/v2\/pages\/1829\/revisions\/2266"}],"wp:attachment":[{"href":"https:\/\/ecrire44.fr\/index.php\/wp-json\/wp\/v2\/media?parent=1829"}],"curies":[{"name":"wp","href":"https:\/\/api.w.org\/{rel}","templated":true}]}}