{"id":1860,"date":"2024-05-16T14:56:15","date_gmt":"2024-05-16T13:56:15","guid":{"rendered":"https:\/\/ecrire44.fr\/?page_id=1860"},"modified":"2026-02-09T17:51:40","modified_gmt":"2026-02-09T16:51:40","slug":"1860-2","status":"publish","type":"page","link":"https:\/\/ecrire44.fr\/index.php\/1860-2\/","title":{"rendered":"L&rsquo;ANIMATRICE"},"content":{"rendered":"\n<p>Sylvia Boumendil, animatrice<\/p>\n\n\n<div class=\"wp-block-image\">\n<figure class=\"aligncenter size-full is-resized\"><img loading=\"lazy\" decoding=\"async\" width=\"283\" height=\"323\" src=\"https:\/\/ecrire44.fr\/wp-content\/uploads\/2024\/05\/SB.jpg\" alt=\"\" class=\"wp-image-1890\" style=\"width:189px;height:auto\" srcset=\"https:\/\/ecrire44.fr\/wp-content\/uploads\/2024\/05\/SB.jpg 283w, https:\/\/ecrire44.fr\/wp-content\/uploads\/2024\/05\/SB-263x300.jpg 263w\" sizes=\"auto, (max-width: 283px) 100vw, 283px\" \/><\/figure>\n<\/div>\n\n\n<ul class=\"wp-block-list\">\n<li>Titulaire du Dipl\u00f4me Universitaire \u00ab\u00a0Histoire de Vie en Formation\u00a0\u00bb (Universit\u00e9 Nantes), form\u00e9e \u00e0 l&rsquo;atelier autobiographique sur l&rsquo;\u00e9crit (Universit\u00e9 Paris 8), et \u00e0 l&rsquo;animation d&rsquo;ateliers d&rsquo;\u00e9criture (Lire et \u00e9crire en Pays de Loire et Worshop de Laura Vazquez).<br>Intervenante dans diverses institutions (m\u00e9diath\u00e8ques, CNAM, Centres de formation, Foyer Jeunes Travailleurs&#8230;)<\/li>\n<\/ul>\n\n\n\n<ul class=\"wp-block-list\">\n<li>Auteure (publication de livres, textes dans des ouvrages collectifs, po\u00e9sies dans des revues sp\u00e9cialis\u00e9es&#8230;)<\/li>\n<\/ul>\n\n\n\n<ul class=\"wp-block-list\">\n<li>Je continue \u00e0 approfondir ma pratique d&rsquo;\u00e9criture et participe aux ateliers d&rsquo;\u00e9criture de Fran\u00e7ois Bon, \u00e9crivain <a href=\"https:\/\/www.tierslivre.net\/\">https:\/\/www.tierslivre.net\/<\/a> et Laura Vazquez, po\u00e9tesse et romanci\u00e8re, Goncourt de la po\u00e9sie 2023. <a href=\"https:\/\/lauralisavazquez.com\/\">https:\/\/lauralisavazquez.com\/<\/a><\/li>\n<\/ul>\n\n\n\n<ul class=\"wp-block-list\">\n<li>J&rsquo;ai particip\u00e9 activement \u00e0 la cr\u00e9ation d&rsquo;un \u00e9v\u00e9nement artistique annuel \u00e0 Trentemoult (DUO)<\/li>\n<\/ul>\n\n\n\n<p><em>Pour en savoir plus : <a href=\"https:\/\/sylviaboumendil.fr\/\">sylviaboumendil.fr<\/a><\/em><\/p>\n","protected":false},"excerpt":{"rendered":"<p>Sylvia Boumendil, animatrice Pour en savoir plus : sylviaboumendil.fr<\/p>\n","protected":false},"author":1,"featured_media":0,"parent":0,"menu_order":0,"comment_status":"closed","ping_status":"closed","template":"","meta":{"_uag_custom_page_level_css":"","footnotes":""},"class_list":["post-1860","page","type-page","status-publish","hentry"],"uagb_featured_image_src":{"full":false,"thumbnail":false,"medium":false,"medium_large":false,"large":false,"1536x1536":false,"2048x2048":false,"post-thumbnail":false},"uagb_author_info":{"display_name":"S.B.","author_link":"https:\/\/ecrire44.fr\/index.php\/author\/admin4101\/"},"uagb_comment_info":0,"uagb_excerpt":"Sylvia Boumendil, animatrice Pour en savoir plus : sylviaboumendil.fr","_links":{"self":[{"href":"https:\/\/ecrire44.fr\/index.php\/wp-json\/wp\/v2\/pages\/1860","targetHints":{"allow":["GET"]}}],"collection":[{"href":"https:\/\/ecrire44.fr\/index.php\/wp-json\/wp\/v2\/pages"}],"about":[{"href":"https:\/\/ecrire44.fr\/index.php\/wp-json\/wp\/v2\/types\/page"}],"author":[{"embeddable":true,"href":"https:\/\/ecrire44.fr\/index.php\/wp-json\/wp\/v2\/users\/1"}],"replies":[{"embeddable":true,"href":"https:\/\/ecrire44.fr\/index.php\/wp-json\/wp\/v2\/comments?post=1860"}],"version-history":[{"count":24,"href":"https:\/\/ecrire44.fr\/index.php\/wp-json\/wp\/v2\/pages\/1860\/revisions"}],"predecessor-version":[{"id":2277,"href":"https:\/\/ecrire44.fr\/index.php\/wp-json\/wp\/v2\/pages\/1860\/revisions\/2277"}],"wp:attachment":[{"href":"https:\/\/ecrire44.fr\/index.php\/wp-json\/wp\/v2\/media?parent=1860"}],"curies":[{"name":"wp","href":"https:\/\/api.w.org\/{rel}","templated":true}]}}