{"id":33,"date":"2016-02-05T11:09:48","date_gmt":"2016-02-05T10:09:48","guid":{"rendered":"http:\/\/ecrire44.fr\/?page_id=33"},"modified":"2025-05-13T15:08:59","modified_gmt":"2025-05-13T14:08:59","slug":"acces-aux-livres","status":"publish","type":"page","link":"https:\/\/ecrire44.fr\/index.php\/acces-aux-livres\/","title":{"rendered":"ACC.\u00e9.S. aux livres"},"content":{"rendered":"<p><a href=\"https:\/\/ecrire44.fr\/img-lecture\/\"><img loading=\"lazy\" decoding=\"async\" class=\"aligncenter size-full wp-image-1017\" src=\"https:\/\/ecrire44.fr\/wp-content\/uploads\/2020\/06\/IMG-lecture.jpg\" alt=\"\" width=\"469\" height=\"720\" srcset=\"https:\/\/ecrire44.fr\/wp-content\/uploads\/2020\/06\/IMG-lecture.jpg 469w, https:\/\/ecrire44.fr\/wp-content\/uploads\/2020\/06\/IMG-lecture-195x300.jpg 195w\" sizes=\"auto, (max-width: 469px) 100vw, 469px\" \/><\/a>L&rsquo;association propose de mettre de nombreux livres \u00e0 disposition des participant.es.<br \/>\nElle enrichit ce fond r\u00e9guli\u00e8rement.<br \/>\nLe pr\u00eat est gratuit et sans limite dans le temps.<img loading=\"lazy\" decoding=\"async\" class=\"aligncenter size-medium wp-image-32\" src=\"https:\/\/ecrire44.fr\/wp-content\/uploads\/2016\/02\/WP-Acces-livres-234x300.jpg\" alt=\"WP Acces livres\" width=\"234\" height=\"300\" srcset=\"https:\/\/ecrire44.fr\/wp-content\/uploads\/2016\/02\/WP-Acces-livres-234x300.jpg 234w, https:\/\/ecrire44.fr\/wp-content\/uploads\/2016\/02\/WP-Acces-livres-768x983.jpg 768w, https:\/\/ecrire44.fr\/wp-content\/uploads\/2016\/02\/WP-Acces-livres-800x1024.jpg 800w, https:\/\/ecrire44.fr\/wp-content\/uploads\/2016\/02\/WP-Acces-livres-1200x1537.jpg 1200w, https:\/\/ecrire44.fr\/wp-content\/uploads\/2016\/02\/WP-Acces-livres.jpg 1401w\" sizes=\"auto, (max-width: 234px) 100vw, 234px\" \/><\/p>\n","protected":false},"excerpt":{"rendered":"<p>L&rsquo;association propose de mettre de nombreux livres \u00e0 disposition des participant.es. Elle enrichit ce fond r\u00e9guli\u00e8rement. Le pr\u00eat est gratuit et sans limite dans le temps.<\/p>\n","protected":false},"author":1,"featured_media":0,"parent":0,"menu_order":0,"comment_status":"closed","ping_status":"closed","template":"","meta":{"_uag_custom_page_level_css":"","footnotes":""},"class_list":["post-33","page","type-page","status-publish","hentry"],"uagb_featured_image_src":{"full":false,"thumbnail":false,"medium":false,"medium_large":false,"large":false,"1536x1536":false,"2048x2048":false,"post-thumbnail":false},"uagb_author_info":{"display_name":"S.B.","author_link":"https:\/\/ecrire44.fr\/index.php\/author\/admin4101\/"},"uagb_comment_info":0,"uagb_excerpt":"L&rsquo;association propose de mettre de nombreux livres \u00e0 disposition des participant.es. Elle enrichit ce fond r\u00e9guli\u00e8rement. Le pr\u00eat est gratuit et sans limite dans le temps.","_links":{"self":[{"href":"https:\/\/ecrire44.fr\/index.php\/wp-json\/wp\/v2\/pages\/33","targetHints":{"allow":["GET"]}}],"collection":[{"href":"https:\/\/ecrire44.fr\/index.php\/wp-json\/wp\/v2\/pages"}],"about":[{"href":"https:\/\/ecrire44.fr\/index.php\/wp-json\/wp\/v2\/types\/page"}],"author":[{"embeddable":true,"href":"https:\/\/ecrire44.fr\/index.php\/wp-json\/wp\/v2\/users\/1"}],"replies":[{"embeddable":true,"href":"https:\/\/ecrire44.fr\/index.php\/wp-json\/wp\/v2\/comments?post=33"}],"version-history":[{"count":15,"href":"https:\/\/ecrire44.fr\/index.php\/wp-json\/wp\/v2\/pages\/33\/revisions"}],"predecessor-version":[{"id":2170,"href":"https:\/\/ecrire44.fr\/index.php\/wp-json\/wp\/v2\/pages\/33\/revisions\/2170"}],"wp:attachment":[{"href":"https:\/\/ecrire44.fr\/index.php\/wp-json\/wp\/v2\/media?parent=33"}],"curies":[{"name":"wp","href":"https:\/\/api.w.org\/{rel}","templated":true}]}}